{"id":876,"date":"2017-09-19T23:10:06","date_gmt":"2017-09-20T03:10:06","guid":{"rendered":"http:\/\/kamcoinc.com\/avantages\/"},"modified":"2017-12-19T17:36:50","modified_gmt":"2017-12-19T22:36:50","slug":"benefits","status":"publish","type":"page","link":"https:\/\/kamcoinc.com\/en\/benefits\/","title":{"rendered":"Benefits"},"content":{"rendered":"<p><strong>Our motivation: your satisfaction<\/strong>. For each project, our experts value every stage of the building process.<\/p>\n<p>With the Kamco Construction team, <strong>quality, skill, experience, budget and schedule adherence <\/strong>are the essential elements of each project.<\/p>\n<p>We do everything we can to construct <strong>strong, energetic, aesthetic and sustainable buildings<\/strong>. We are proud of our achievements and you will be proud of your construction!<\/p>\n<p>You will be cutting-edge with Kamco Construction professionals that integrate <strong>state-of-the-art technology<\/strong> in their work. <strong>Performance<\/strong> and <strong>innovation<\/strong> are our top priorities.<\/p>\n<p>Kamco Construction is a member of:<\/p>\n<ul>\n<li><em>L\u2019Association de la Construction du Qu\u00e9bec (ACQ) r\u00e9gions de Qu\u00e9bec et du Bas-Saint-Laurent, Gasp\u00e9sie les \u00celes<\/em><\/li>\n<li><em>La Corporation des entrepreneurs g\u00e9n\u00e9raux du Qu\u00e9bec (CEGQ)<\/em><\/li>\n<li><em>La Chambre de commerce Kamouraska \u00e0 L\u2019Islet<\/em><\/li>\n<li><em>La chambre de commerce de la MRC de Rivi\u00e8re-du-Loup<\/em><\/li>\n<li>Select member of its <em>Mutuelle de pr\u00e9vention en sant\u00e9 et s\u00e9curit\u00e9 au travail<\/em>.<\/li>\n<\/ul>\n<p>Successful, efficient and humane; over the years Kamco has also received numerous honours in the construction field, including many awards of excellence.<\/p>\n<p>For its efforts in efficiency and performance:<\/p>\n<ul>\n<li>2010 \u2013 <em>Construire par l\u2019Association de la Construction du Qu\u00e9bec (ACQ) pour la r\u00e9gion de Qu\u00e9bec<\/em> (Award of Excellence)<\/li>\n<\/ul>\n<p>For the<em> <u>Centre sp\u00e9cialis\u00e9 de technologie physique du Qu\u00e9bec \u00e0 La Pocati\u00e8re (CSTPQ) (b\u00e2timent LEED-NC<\/u>) <\/em>&#8211; Quebec Center specializing in physical technology at La Pocati\u00e8re (CSTPQ) (LEED-NC building):<\/p>\n<ul>\n<li>2011<em> \u2013 Prix d\u2019excellence en architecture au consortium d\u2019architectes Brisson associ\u00e9s + Charron Architecte<\/em><\/li>\n<\/ul>\n<ul>\n<li>2011<em> \u2013 Prix du Public Loto-Qu\u00e9bec<\/em><\/li>\n<li>2011<em> \u2013 Prix Vision architecture &amp; jeunesse Joli-Coeur Lacasse.<\/em><\/li>\n<li>2011<em> \u2013 Prix Canada pour l\u2019excellence pour le \u00ab rendement exceptionnel d\u2019entreprises dans les domaines de la qualit\u00e9, du service \u00e0 la client\u00e8le et de la cr\u00e9ation d\u2019un milieu de travail sain. Ce prix est remis \u00e0 des organismes de classe mondiale qui ouvrent dans les secteurs public et priv\u00e9 \u00bb<\/em> &#8211; Award for &#8220;outstanding company performance in the areas of quality, customer service and creating a healthy workplace. This award is given to world-class organizations that operate in the public and private sectors&#8221;<\/li>\n<\/ul>\n<p>For the <em>Centre de sant\u00e9 Lebourgneuf<\/em>:<\/p>\n<ul>\n<li>2005 \u2013 <em>Prix d\u2019architecture de la ville de Qu\u00e9bec d\u00e9cern\u00e9 \u00e0 R\u00e9gis C\u00f4t\u00e9 et Jocelyn Bolard Architectes<\/em> (Award of Excellence)<\/li>\n<\/ul>\n<p>Kamco Construction, humanely built.<\/p>\n<p><strong>\u00a0<\/strong><\/p>\n","protected":false},"excerpt":{"rendered":"<p>Our motivation: your satisfaction. For each project, our experts value every stage of the building process. With the Kamco Construction team, quality, skill, experience, budget and schedule adherence are the essential elements of each project. We do everything we can to construct strong, energetic, aesthetic and sustainable buildings. We are proud of our achievements and [&#8230;]<\/p>\n<p><div class=\"bouton-plus kamco-read-more-link\"><a href=\"https:\/\/kamcoinc.com\/en\/benefits\/\">Read More ><\/a><\/div><\/p>\n","protected":false},"author":2,"featured_media":552,"parent":0,"menu_order":0,"comment_status":"closed","ping_status":"closed","template":"","meta":{"footnotes":""},"class_list":["post-876","page","type-page","status-publish","has-post-thumbnail","hentry"],"acf":[],"_links":{"self":[{"href":"https:\/\/kamcoinc.com\/en\/wp-json\/wp\/v2\/pages\/876","targetHints":{"allow":["GET"]}}],"collection":[{"href":"https:\/\/kamcoinc.com\/en\/wp-json\/wp\/v2\/pages"}],"about":[{"href":"https:\/\/kamcoinc.com\/en\/wp-json\/wp\/v2\/types\/page"}],"author":[{"embeddable":true,"href":"https:\/\/kamcoinc.com\/en\/wp-json\/wp\/v2\/users\/2"}],"replies":[{"embeddable":true,"href":"https:\/\/kamcoinc.com\/en\/wp-json\/wp\/v2\/comments?post=876"}],"version-history":[{"count":3,"href":"https:\/\/kamcoinc.com\/en\/wp-json\/wp\/v2\/pages\/876\/revisions"}],"predecessor-version":[{"id":879,"href":"https:\/\/kamcoinc.com\/en\/wp-json\/wp\/v2\/pages\/876\/revisions\/879"}],"wp:featuredmedia":[{"embeddable":true,"href":"https:\/\/kamcoinc.com\/en\/wp-json\/wp\/v2\/media\/552"}],"wp:attachment":[{"href":"https:\/\/kamcoinc.com\/en\/wp-json\/wp\/v2\/media?parent=876"}],"curies":[{"name":"wp","href":"https:\/\/api.w.org\/{rel}","templated":true}]}}