{"id":889,"date":"2017-09-19T23:09:12","date_gmt":"2017-09-20T03:09:12","guid":{"rendered":"http:\/\/kamcoinc.com\/nous-joindre\/"},"modified":"2018-04-30T07:00:49","modified_gmt":"2018-04-30T11:00:49","slug":"contact-us","status":"publish","type":"page","link":"https:\/\/kamcoinc.com\/en\/contact-us\/","title":{"rendered":"Contact Us"},"content":{"rendered":"<h2>Head Office (La Pocati\u00e8re):<\/h2>\n<p>149 Parc de l\u2019Innovation<\/p>\n<p>La Pocati\u00e8re, QC, G0R 1Z0<\/p>\n<p>Phone: <a href=\"tel:+4188565432\">(418) 856-5432<\/a> \/ <a href=\"tel:+4188565433\">(418) 856-5433<\/a><\/p>\n<p>Fax: <a href=\"tel:+4188563097\">418 856-3097<\/a><\/p>\n<p><a href=\"mailto:info@kamcoinc.com\">info@kamcoinc.com<\/a><\/p>\n<p><strong>Office Hours<\/strong><\/p>\n<p>Monday to Friday from 6:00 AM to 6:00 PM<\/p>\n<p>Saturday from 6:00 AM to noon<\/p>\n<p>&nbsp;<\/p>\n<h2>Rimouski Office:<\/h2>\n<p>570-H Saint-Germain St. East<\/p>\n<p>Rimouski, QC, G5L 1G4<\/p>\n<p>Phone: <a href=\"tel:+4187235432\">(418) 723-5432<\/a><\/p>\n<p>Fax: <a href=\"tel:+4187231260\">(418) 723-1260<\/a><\/p>\n<p><a href=\"mailto:info@kamcoinc.com\">info@kamcoinc.com<\/a><\/p>\n<p><a href=\"http:\/\/kamcoinc.com\/en\/careers\/\">Join our team<\/a><\/p>\n<p><a href=\"http:\/\/kamcoinc.com\/en\/become-a-partner\/\">Offer your services<\/a><\/p>\n<p>&nbsp;<\/p>\n<h2>Board of Directors:<\/h2>\n<p>&nbsp;<\/p>\n<p><strong>Daniel Dionne<\/strong><\/p>\n<p>President &amp; CEO<\/p>\n<p>(418) 856-5432 ext. 215<\/p>\n<p>Cellphone: 418-868-4579<\/p>\n<p><a href=\"mailto:ddionne@kamcoinc.com\">ddionne@kamcoinc.com<\/a><\/p>\n<p>&nbsp;<\/p>\n<p><strong>Armand Lachance<\/strong><\/p>\n<p>VP &amp; Director of Finance<\/p>\n<p>(418) 856-5432 ext. 214<\/p>\n<p><a href=\"mailto:alachance@kamcoinc.com\">alachance@kamcoinc.com<\/a><\/p>\n<p>&nbsp;<\/p>\n<p><strong>Marc Talbot<\/strong><\/p>\n<p>Director of Business Development &amp; Project Manager<\/p>\n<p>(418) 856-5432 ext. 206<\/p>\n<p>Cellphone: 418-291-3851<\/p>\n<p><a href=\"mailto:mtalbot@kamcoinc.com\">mtalbot@kamcoinc.com<\/a><\/p>\n<p>&nbsp;<\/p>\n<p><strong>Guy Malenfant<\/strong><\/p>\n<p>Director of Estimating<\/p>\n<p>(418) 856-5432 ext. 203<\/p>\n<p>Cellphone: 418-633-1787<\/p>\n<p><a href=\"mailto:gmalenfant@kamcoinc.com\">gmalenfant@kamcoinc.com<\/a><\/p>\n<p>&nbsp;<\/p>\n<p><strong>Pierre-Luc Soucy<\/strong><\/p>\n<p>Superintendent<\/p>\n<p>(418) 856-5432 ext. 207<\/p>\n<p>Cellphone: 418-633-0918<\/p>\n<p><a href=\"mailto:plsoucy@kamcoinc.com\">plsoucy@kamcoinc.com<\/a><\/p>\n<p>&nbsp;<\/p>\n<h2>Project Management:<\/h2>\n<p>&nbsp;<\/p>\n<p><strong>David Bouchard<\/strong><\/p>\n<p>Project Manager<\/p>\n<p>(418) 856-5432 ext. 219<\/p>\n<p>Cellphone: 418-894-7355<\/p>\n<p><a href=\"mailto:dbouchard@kamcoinc.com\">dbouchard@kamcoinc.com<\/a><\/p>\n<p>&nbsp;<\/p>\n<p><strong>Michael Landry<\/strong><\/p>\n<p>Project Manager<\/p>\n<p>(418) 856-5432 ext. 212<\/p>\n<p>Cellphone: 418-551-1049<\/p>\n<p><a href=\"mailto:mlandry@kamcoinc.com\">mlandry@kamcoinc.com<\/a><\/p>\n<p>&nbsp;<\/p>\n<p><strong>Jean-Mathieu Drapeau<\/strong><\/p>\n<p>Project Manager<\/p>\n<p>(418) 856-5432 ext. 216<\/p>\n<p>Cellphone: 418-551-4829<\/p>\n<p><a href=\"mailto:jmathieu@kamcoinc.com\">jmathieu@kamcoinc.com<\/a><\/p>\n<p>&nbsp;<\/p>\n<p><strong>Patrice Chenard<\/strong><\/p>\n<p>Project Manager<\/p>\n<p>(418) 856-5432 ext. 209<\/p>\n<p>Cellphone: 581-337-4258<\/p>\n<p><a href=\"mailto:pchenard@kamcoinc.com\">pchenard@kamcoinc.com<\/a><\/p>\n<p>&nbsp;<\/p>\n<h2>Estimating:<\/h2>\n<p>&nbsp;<\/p>\n<p><strong>Steve Leclerc<\/strong><\/p>\n<p>Estimator<\/p>\n<p>(418) 856-5432 ext. 202<\/p>\n<p><a href=\"mailto:sleclerc@kamcoinc.com\">sleclerc@kamcoinc.com<\/a><\/p>\n<p>&nbsp;<\/p>\n<p><strong>Manon Boies<\/strong><\/p>\n<p>Estimator<\/p>\n<p>(418) 723-5432 ext. 250<\/p>\n<p><a href=\"mailto:mboies@kamcoinc.com\">mboies@kamcoinc.com<\/a><\/p>\n<p>&nbsp;<\/p>\n<p><strong>Frederic Laplante<\/strong><\/p>\n<p>Estimator<\/p>\n<p>(418) 856-5432 ext. 217<\/p>\n<p><a href=\"mailto:flaplante@kamcoinc.com\">flaplante@kamcoinc.com<\/a><\/p>\n<p>&nbsp;<\/p>\n<h2>Management:<\/h2>\n<p>&nbsp;<\/p>\n<p><strong>Olivier Lambert<\/strong><\/p>\n<p>Project Controller and Accountant<\/p>\n<p>(418) 856-5432 ext. 208<\/p>\n<p><a href=\"mailto:olambert@kamcoinc.com\">olambert@kamcoinc.com<\/a><\/p>\n<p>&nbsp;<\/p>\n<p><strong>H\u00e9l\u00e8ne Ch\u00e9nard<\/strong><\/p>\n<p>Administrative Assistant<\/p>\n<p>(418) 856-5432 ext. 200<\/p>\n<p><a href=\"mailto:hchenard@kamcoinc.com\">hchenard@kamcoinc.com<\/a><\/p>\n<p>&nbsp;<\/p>\n<p><strong>Louise Gauthier<\/strong><\/p>\n<p>Administrative Assistant<\/p>\n<p>(418) 856-5432 ext. 201<\/p>\n<p><a href=\"mailto:lgauthier@kamcoinc.com\">lgauthier@kamcoinc.com<\/a><\/p>\n<p>&nbsp;<\/p>\n<p><strong>Annie Beaulieu<\/strong><\/p>\n<p>Administrative Assistant<\/p>\n<p>(418) 856-5432 ext. 222<\/p>\n<p><a href=\"mailto:abeaulieu@kamcoinc.com\">abeaulieu@kamcoinc.com<\/a><\/p>\n","protected":false},"excerpt":{"rendered":"<p>Head Office (La Pocati\u00e8re): 149 Parc de l\u2019Innovation La Pocati\u00e8re, QC, G0R 1Z0 Phone: (418) 856-5432 \/ (418) 856-5433 Fax: 418 856-3097 info@kamcoinc.com Office Hours Monday to Friday from 6:00 AM to 6:00 PM Saturday from 6:00 AM to noon &nbsp; Rimouski Office: 570-H Saint-Germain St. East Rimouski, QC, G5L 1G4 Phone: (418) 723-5432 Fax: [&#8230;]<\/p>\n<p><div class=\"bouton-plus kamco-read-more-link\"><a href=\"https:\/\/kamcoinc.com\/en\/contact-us\/\">Read More ><\/a><\/div><\/p>\n","protected":false},"author":2,"featured_media":0,"parent":0,"menu_order":0,"comment_status":"closed","ping_status":"closed","template":"","meta":{"footnotes":""},"class_list":["post-889","page","type-page","status-publish","hentry"],"acf":[],"_links":{"self":[{"href":"https:\/\/kamcoinc.com\/en\/wp-json\/wp\/v2\/pages\/889","targetHints":{"allow":["GET"]}}],"collection":[{"href":"https:\/\/kamcoinc.com\/en\/wp-json\/wp\/v2\/pages"}],"about":[{"href":"https:\/\/kamcoinc.com\/en\/wp-json\/wp\/v2\/types\/page"}],"author":[{"embeddable":true,"href":"https:\/\/kamcoinc.com\/en\/wp-json\/wp\/v2\/users\/2"}],"replies":[{"embeddable":true,"href":"https:\/\/kamcoinc.com\/en\/wp-json\/wp\/v2\/comments?post=889"}],"version-history":[{"count":7,"href":"https:\/\/kamcoinc.com\/en\/wp-json\/wp\/v2\/pages\/889\/revisions"}],"predecessor-version":[{"id":1215,"href":"https:\/\/kamcoinc.com\/en\/wp-json\/wp\/v2\/pages\/889\/revisions\/1215"}],"wp:attachment":[{"href":"https:\/\/kamcoinc.com\/en\/wp-json\/wp\/v2\/media?parent=889"}],"curies":[{"name":"wp","href":"https:\/\/api.w.org\/{rel}","templated":true}]}}